{"id":122,"date":"2026-01-15T15:57:11","date_gmt":"2026-01-15T14:57:11","guid":{"rendered":"https:\/\/www.bcmanagers.com\/?page_id=122"},"modified":"2026-01-16T11:17:52","modified_gmt":"2026-01-16T10:17:52","slug":"quines-somos","status":"publish","type":"page","link":"https:\/\/www.bcmanagers.com\/index.php\/quines-somos\/","title":{"rendered":"Quines somos"},"content":{"rendered":"\t\t<div data-elementor-type=\"wp-page\" data-elementor-id=\"122\" class=\"elementor elementor-122\" data-elementor-post-type=\"page\">\n\t\t\t\t<div class=\"elementor-element elementor-element-3a94a6f e-flex e-con-boxed e-con e-parent\" data-id=\"3a94a6f\" data-element_type=\"container\" data-e-type=\"container\">\n\t\t\t\t\t<div class=\"e-con-inner\">\n\t\t\t\t<div class=\"elementor-element elementor-element-aae9a9b elementor-widget elementor-widget-heading\" data-id=\"aae9a9b\" data-element_type=\"widget\" data-e-type=\"widget\" data-widget_type=\"heading.default\">\n\t\t\t\t\t<h2 class=\"elementor-heading-title elementor-size-default\"><br>Qui\u00e9nes somos<\/h2>\t\t\t\t<\/div>\n\t\t\t\t\t<\/div>\n\t\t\t\t<\/div>\n\t\t<div class=\"elementor-element elementor-element-01cb5d0 e-flex e-con-boxed e-con e-parent\" data-id=\"01cb5d0\" data-element_type=\"container\" data-e-type=\"container\">\n\t\t\t\t\t<div class=\"e-con-inner\">\n\t\t<div class=\"elementor-element elementor-element-6e77cb4 e-con-full e-flex e-con e-child\" data-id=\"6e77cb4\" data-element_type=\"container\" data-e-type=\"container\">\n\t\t\t\t<div class=\"elementor-element elementor-element-4b8049a elementor-invisible elementor-widget elementor-widget-text-editor\" data-id=\"4b8049a\" data-element_type=\"widget\" data-e-type=\"widget\" data-settings=\"{&quot;_animation&quot;:&quot;fadeInLeft&quot;}\" data-widget_type=\"text-editor.default\">\n\t\t\t\t\t\t\t\t\t<div class=\"paragraph\" style=\"text-align: center;\"><p class=\"my-2 [&amp;+p]:mt-4 [&amp;_strong:has(+br)]:inline-block [&amp;_strong:has(+br)]:pb-2\" style=\"text-align: left;\"><span style=\"color: #000000;\">Somos <strong>bcmanagers<\/strong>, un equipo multidisciplinar formado por ingenieros y economistas con\u00a0<strong>m\u00e1s de 20 a\u00f1os de experiencia<\/strong>\u00a0en el apoyo a empresas de todos los tama\u00f1os. Nos especializamos en ayudar a las organizaciones a superar sus retos estrat\u00e9gicos, organizativos y de gesti\u00f3n, transformando desaf\u00edos en oportunidades de crecimiento sostenible.<\/span><\/p><p class=\"my-2 [&amp;+p]:mt-4 [&amp;_strong:has(+br)]:inline-block [&amp;_strong:has(+br)]:pb-2\" style=\"text-align: left;\"><span style=\"color: #000000;\">Nuestra fortaleza radica en una\u00a0<strong>amplia red de colaboradores de reconocido prestigio<\/strong>: expertos en finanzas, tecnolog\u00eda, recursos humanos y marketing que nos permiten ofrecer\u00a0<strong>soluciones globales e integrales<\/strong>. Desde la optimizaci\u00f3n de procesos y la implementaci\u00f3n de estrategias digitales hasta la gesti\u00f3n eficiente de recursos y la planificaci\u00f3n financiera, cubrimos todas las fases necesarias para potenciar tu negocio.<\/span><\/p><p class=\"my-2 [&amp;+p]:mt-4 [&amp;_strong:has(+br)]:inline-block [&amp;_strong:has(+br)]:pb-2\" style=\"text-align: left;\">\u00a0<\/p><\/div>\t\t\t\t\t\t\t\t<\/div>\n\t\t\t\t<\/div>\n\t\t<div class=\"elementor-element elementor-element-4faff04 e-con-full e-flex e-con e-child\" data-id=\"4faff04\" data-element_type=\"container\" data-e-type=\"container\">\n\t\t\t\t<div class=\"elementor-element elementor-element-a6ec266 elementor-widget elementor-widget-image\" data-id=\"a6ec266\" data-element_type=\"widget\" data-e-type=\"widget\" data-widget_type=\"image.default\">\n\t\t\t\t\t\t\t\t\t\t\t\t\t\t\t<img fetchpriority=\"high\" decoding=\"async\" width=\"1024\" height=\"683\" src=\"https:\/\/www.bcmanagers.com\/wp-content\/uploads\/2026\/01\/2-1024x683.jpg\" class=\"attachment-large size-large wp-image-63\" alt=\"\" srcset=\"https:\/\/www.bcmanagers.com\/wp-content\/uploads\/2026\/01\/2-1024x683.jpg 1024w, https:\/\/www.bcmanagers.com\/wp-content\/uploads\/2026\/01\/2-300x200.jpg 300w, https:\/\/www.bcmanagers.com\/wp-content\/uploads\/2026\/01\/2-768x512.jpg 768w, https:\/\/www.bcmanagers.com\/wp-content\/uploads\/2026\/01\/2-1536x1024.jpg 1536w, https:\/\/www.bcmanagers.com\/wp-content\/uploads\/2026\/01\/2-2048x1365.jpg 2048w, https:\/\/www.bcmanagers.com\/wp-content\/uploads\/2026\/01\/2-930x620.jpg 930w\" sizes=\"(max-width: 1024px) 100vw, 1024px\" \/>\t\t\t\t\t\t\t\t\t\t\t\t\t\t\t<\/div>\n\t\t\t\t<\/div>\n\t\t\t\t\t<\/div>\n\t\t\t\t<\/div>\n\t\t<div class=\"elementor-element elementor-element-92a6e85 e-flex e-con-boxed e-con e-parent\" data-id=\"92a6e85\" data-element_type=\"container\" data-e-type=\"container\">\n\t\t\t\t\t<div class=\"e-con-inner\">\n\t\t\t\t<div class=\"elementor-element elementor-element-d5dbb88 elementor-widget elementor-widget-text-editor\" data-id=\"d5dbb88\" data-element_type=\"widget\" data-e-type=\"widget\" data-widget_type=\"text-editor.default\">\n\t\t\t\t\t\t\t\t\t<p class=\"my-2 [&amp;+p]:mt-4 [&amp;_strong:has(+br)]:inline-block [&amp;_strong:has(+br)]:pb-2\" style=\"text-align: left;\"><span style=\"color: #000000;\">En <strong>BCManagers<\/strong>, creemos en la innovaci\u00f3n y la personalizaci\u00f3n. Cada proyecto se adapta a las necesidades \u00fanicas de tu empresa, con un enfoque pr\u00e1ctico y resultados medibles. Hemos acompa\u00f1ado a cientos de clientes en sectores como la industria, servicios y tecnolog\u00eda, logrando incrementos en eficiencia operativa de hasta un 40% en promedio.<\/span><\/p><p class=\"my-2 [&amp;+p]:mt-4 [&amp;_strong:has(+br)]:inline-block [&amp;_strong:has(+br)]:pb-2\" style=\"text-align: left;\">\u00a0<\/p>\t\t\t\t\t\t\t\t<\/div>\n\t\t\t\t\t<\/div>\n\t\t\t\t<\/div>\n\t\t<div class=\"elementor-element elementor-element-a8b72aa e-flex e-con-boxed e-con e-parent\" data-id=\"a8b72aa\" data-element_type=\"container\" data-e-type=\"container\">\n\t\t\t\t\t<div class=\"e-con-inner\">\n\t\t\t\t<div class=\"elementor-element elementor-element-816ed62 elementor-widget elementor-widget-text-editor\" data-id=\"816ed62\" data-element_type=\"widget\" data-e-type=\"widget\" data-widget_type=\"text-editor.default\">\n\t\t\t\t\t\t\t\t\t<p><span style=\"color: #000000;\"><strong>\u00bfListo para afrontar tus retos con expertos a tu lado?<\/strong>\u00a0Cont\u00e1ctanos y descubre c\u00f3mo podemos impulsar tu \u00e9xito.<\/span><\/p>\t\t\t\t\t\t\t\t<\/div>\n\t\t\t\t\t<\/div>\n\t\t\t\t<\/div>\n\t\t\t\t<\/div>\n\t\t","protected":false},"excerpt":{"rendered":"<p>Qui\u00e9nes somos Somos bcmanagers, un equipo multidisciplinar formado por ingenieros y economistas con\u00a0m\u00e1s de 20 a\u00f1os de experiencia\u00a0en el apoyo a empresas de todos los tama\u00f1os. Nos especializamos en ayudar a las organizaciones a superar sus retos estrat\u00e9gicos, organizativos y de gesti\u00f3n, transformando desaf\u00edos en oportunidades de crecimiento sostenible. Nuestra fortaleza radica en una\u00a0amplia red [&hellip;]<\/p>\n","protected":false},"author":1,"featured_media":0,"parent":0,"menu_order":0,"comment_status":"closed","ping_status":"closed","template":"elementor_header_footer","meta":{"footnotes":""},"class_list":["post-122","page","type-page","status-publish","hentry"],"_links":{"self":[{"href":"https:\/\/www.bcmanagers.com\/index.php\/wp-json\/wp\/v2\/pages\/122","targetHints":{"allow":["GET"]}}],"collection":[{"href":"https:\/\/www.bcmanagers.com\/index.php\/wp-json\/wp\/v2\/pages"}],"about":[{"href":"https:\/\/www.bcmanagers.com\/index.php\/wp-json\/wp\/v2\/types\/page"}],"author":[{"embeddable":true,"href":"https:\/\/www.bcmanagers.com\/index.php\/wp-json\/wp\/v2\/users\/1"}],"replies":[{"embeddable":true,"href":"https:\/\/www.bcmanagers.com\/index.php\/wp-json\/wp\/v2\/comments?post=122"}],"version-history":[{"count":7,"href":"https:\/\/www.bcmanagers.com\/index.php\/wp-json\/wp\/v2\/pages\/122\/revisions"}],"predecessor-version":[{"id":241,"href":"https:\/\/www.bcmanagers.com\/index.php\/wp-json\/wp\/v2\/pages\/122\/revisions\/241"}],"wp:attachment":[{"href":"https:\/\/www.bcmanagers.com\/index.php\/wp-json\/wp\/v2\/media?parent=122"}],"curies":[{"name":"wp","href":"https:\/\/api.w.org\/{rel}","templated":true}]}}